{"id":15,"date":"2010-10-15T15:00:09","date_gmt":"2010-10-15T15:00:09","guid":{"rendered":"http:\/\/thorkellhelgason.is\/wp\/?page_id=15"},"modified":"2012-02-12T13:04:32","modified_gmt":"2012-02-12T13:04:32","slug":"af-hverju-stjornlaga%c3%being","status":"publish","type":"page","link":"https:\/\/thorkellhelgason.is\/?page_id=15","title":{"rendered":"Af hverju stj\u00f3rnlagar\u00e1\u00f0?"},"content":{"rendered":"<p>Vi\u00f0 b\u00faum vi\u00f0 stj\u00f3rnarskr\u00e1 sem Danakonungur gaf okkur 1874, a\u00f0 v\u00edsu me\u00f0 nokkrum breytingum og umb\u00f3tum, en l\u00fd\u00f0veldinu \u00cdslandi hefur aldrei veri\u00f0 sett heilsteypt stj\u00f3rnarskr\u00e1. Gildandi stj\u00f3rnarskr\u00e1 er a\u00f0 grunni til haldg\u00f3\u00f0 enda \u00e1 h\u00fan r\u00e6tur a\u00f0 rekja til frelsisanda n\u00edtj\u00e1ndu aldar. Hinga\u00f0 til hefur Al\u00feingi gl\u00edmt vi\u00f0 \u00fea\u00f0 \u00ed 66 \u00e1r a\u00f0 m\u00f3ta l\u00fd\u00f0veldinu heilsteypta stj\u00f3rnarskr\u00e1 en \u00e1n umtalsver\u00f0s \u00e1rangurs. N\u00fa er \u00e6tlunin a\u00f0 reyna n\u00fdja lei\u00f0 me\u00f0 \u00fev\u00ed a\u00f0 kalla saman stj\u00f3rnlaga\u00feing. \u00dea\u00f0 ver\u00f0ur a\u00f0 v\u00edsu a\u00f0eins r\u00e1\u00f0gefandi en takist vel til og brei\u00f0 samsta\u00f0a ver\u00f0i \u00e1 \u00feinginu, samsta\u00f0a um till\u00f6gur sem hafi sterkan hlj\u00f3mgrunn me\u00f0 \u00fej\u00f3\u00f0inni, mun Al\u00feingi vafal\u00edti\u00f0 lj\u00e1 till\u00f6gunni brautargengi. A\u00f0 lokum \u00fearf a\u00f0 b\u00faa svo um hn\u00fatana a\u00f0 stj\u00f3rnarskr\u00e1rtillaga stj\u00f3rnlaga\u00feingsins ver\u00f0i borin undir \u00fej\u00f3\u00f0ina. H\u00fan er uppspretta alls valds. \u00dea\u00f0 ber a\u00f0 vir\u00f0a.<\/p>\n<p>Miklu m\u00e1li skiptir a\u00f0 vel takist til me\u00f0 val fulltr\u00faa \u00e1 stj\u00f3rnlaga\u00feingi\u00f0, t.d. a\u00f0 \u00fear fari saman \u00feekking en l\u00edka sj\u00f3narmi\u00f0 hins almenna \u00fej\u00f3\u00f0f\u00e9lags\u00feegns, karla og kvenna, ungra og roskinna. Vinnubr\u00f6g\u00f0in \u00e1 \u00feinginu ver\u00f0a a\u00f0 vera me\u00f0 \u00f6\u00f0rum h\u00e6tti en t\u00ed\u00f0kast \u00e1 Al\u00feingi. Stj\u00f3rnarskr\u00e1 getur ekki or\u00f0i\u00f0 til \u00feannig a\u00f0 hver haldi s\u00ednu sj\u00f3narmi\u00f0i til streitu. \u00dea\u00f0 ver\u00f0ur a\u00f0 fara fram r\u00f6kr\u00e6\u00f0a \u00e1 \u00feinginu, en \u00e1n karps. \u00deingfulltr\u00faar eiga ekki a\u00f0 koma til \u00feingsins me\u00f0 ni\u00f0urnj\u00f6rva\u00f0ar sko\u00f0anir og mega ekki vera feimnir vi\u00f0 a\u00f0 skipta um sko\u00f0un. \u00dea\u00f0 er dygg\u00f0 en ekki l\u00f6stur. \u00deing- og nefndarfundir eiga vissulega a\u00f0 vera opnir og \u00fea\u00f0 m\u00e1 varpa fr\u00e1 \u00feeim \u00fat. En samr\u00e6\u00f0ur ver\u00f0a a\u00f0 vera \u00f3\u00fevinga\u00f0ar. N\u00fa reynir \u00e1 a\u00f0 vel takist til me\u00f0 breytt vinnubr\u00f6g\u00f0 \u00e1 mikilv\u00e6gu \u00feingi. \u00dea\u00f0 er \u00fev\u00ed ekki a\u00f0eins kosningin til stj\u00f3rnlaga\u00feings sem ver\u00f0ur n\u00fdm\u00e6li heldur og sj\u00e1lft \u00feinghaldi\u00f0. \u00deingi\u00f0 ver\u00f0ur tilraun til l\u00fd\u00f0r\u00e6\u00f0islegrar samr\u00e6\u00f0u, \u00fear reynir \u00e1 hvort einstaklingar, sem ekki hafa skipa\u00f0 s\u00e9r \u00ed fylkingar, geta unni\u00f0 saman og komist a\u00f0 sameiginlegri ni\u00f0urst\u00f6\u00f0u. Takist \u00fea\u00f0 vel g\u00e6ti \u00fea\u00f0 or\u00f0i\u00f0 fyrirmynd um starfsh\u00e6tti \u00e1 Al\u00feingi og \u00ed sveitarstj\u00f3rnun. D\u00f6pur reynsla allra af stj\u00f3rnm\u00e1laumr\u00e6\u00f0unni, st\u00f6rfum Al\u00feingis og r\u00edkisstj\u00f3rna, s\u00fdnir okkur a\u00f0 \u00fe\u00f6rf er n\u00fdrrar hugsunar, n\u00fdrra a\u00f0fer\u00f0a.<\/p>\n<p>Af \u00feessum s\u00f6kum \u00f6llum ver\u00f0ur stj\u00f3rnlaga\u00feingi\u00f0 pr\u00f3fsteinn \u00e1 l\u00fd\u00f0r\u00e6\u00f0is\u00feroska okkar.<\/p>\n","protected":false},"excerpt":{"rendered":"<p>Vi\u00f0 b\u00faum vi\u00f0 stj\u00f3rnarskr\u00e1 sem Danakonungur gaf okkur 1874, a\u00f0 v\u00edsu me\u00f0 nokkrum breytingum og umb\u00f3tum, en l\u00fd\u00f0veldinu \u00cdslandi hefur aldrei veri\u00f0 sett heilsteypt stj\u00f3rnarskr\u00e1. Gildandi stj\u00f3rnarskr\u00e1 er a\u00f0 grunni til haldg\u00f3\u00f0 enda \u00e1 h\u00fan r\u00e6tur a\u00f0 rekja til frelsisanda n\u00edtj\u00e1ndu aldar. Hinga\u00f0 til hefur Al\u00feingi gl\u00edmt vi\u00f0 \u00fea\u00f0 \u00ed 66 \u00e1r a\u00f0 m\u00f3ta l\u00fd\u00f0veldinu [&hellip;]<\/p>\n","protected":false},"author":1,"featured_media":0,"parent":1335,"menu_order":4,"comment_status":"closed","ping_status":"closed","template":"","meta":{"_et_pb_use_builder":"","_et_pb_old_content":"","_et_gb_content_width":"","footnotes":""},"class_list":["post-15","page","type-page","status-publish","hentry"],"_links":{"self":[{"href":"https:\/\/thorkellhelgason.is\/index.php?rest_route=\/wp\/v2\/pages\/15","targetHints":{"allow":["GET"]}}],"collection":[{"href":"https:\/\/thorkellhelgason.is\/index.php?rest_route=\/wp\/v2\/pages"}],"about":[{"href":"https:\/\/thorkellhelgason.is\/index.php?rest_route=\/wp\/v2\/types\/page"}],"author":[{"embeddable":true,"href":"https:\/\/thorkellhelgason.is\/index.php?rest_route=\/wp\/v2\/users\/1"}],"replies":[{"embeddable":true,"href":"https:\/\/thorkellhelgason.is\/index.php?rest_route=%2Fwp%2Fv2%2Fcomments&post=15"}],"version-history":[{"count":6,"href":"https:\/\/thorkellhelgason.is\/index.php?rest_route=\/wp\/v2\/pages\/15\/revisions"}],"predecessor-version":[{"id":1101,"href":"https:\/\/thorkellhelgason.is\/index.php?rest_route=\/wp\/v2\/pages\/15\/revisions\/1101"}],"up":[{"embeddable":true,"href":"https:\/\/thorkellhelgason.is\/index.php?rest_route=\/wp\/v2\/pages\/1335"}],"wp:attachment":[{"href":"https:\/\/thorkellhelgason.is\/index.php?rest_route=%2Fwp%2Fv2%2Fmedia&parent=15"}],"curies":[{"name":"wp","href":"https:\/\/api.w.org\/{rel}","templated":true}]}}