{"id":510,"date":"2010-11-21T11:49:23","date_gmt":"2010-11-21T11:49:23","guid":{"rendered":"http:\/\/thorkellhelgason.is\/?page_id=510"},"modified":"2010-11-21T11:49:23","modified_gmt":"2010-11-21T11:49:23","slug":"stu%c3%b0ningsyfirlysingar","status":"publish","type":"page","link":"https:\/\/thorkellhelgason.is\/?page_id=510","title":{"rendered":"Stu\u00f0ningsyfirl\u00fdsingar"},"content":{"rendered":"<p>\u201e\u00c9g sty\u00f0 \u00deorkel af \u00fev\u00ed a\u00f0 hann er traustur ma\u00f0ur.\u201c\u00a0 Baldvin Tryggvason fv sparisj\u00f3\u00f0sstj\u00f3ri<\/p>\n<p>\u201e\u00c9g sty\u00f0 \u00deorkell vegna \u00feess a\u00f0 hann\u00a0 kann a\u00f0 greina vandam\u00e1l, en hann er l\u00edka einn vanda\u00f0asti ma\u00f0ur sem \u00e9g \u00feekki.\u201c Vilhj\u00e1lmur Bjarnason lektor<\/p>\n<p>\u201e\u00c9g sty\u00f0 \u00deorkel vegna \u00feess a\u00f0 hann \u00e1 gott me\u00f0 a\u00f0 vinna me\u00f0 f\u00f3lki sem hefur a\u00f0rar sko\u00f0anir en hans eigin.&#8220; Steingr\u00edmur Hildimundarson afgrei\u00f0sluma\u00f0ur<\/p>\n<p>\u201e\u00deorkell Helgason hefur einstaka h\u00e6fileika til a\u00f0 sj\u00e1 hlutina \u00ed v\u00ed\u00f0u samhengi.\u201c<br \/>\nHelga Bar\u00f0ad\u00f3ttir, stj\u00f3rns\u00fdslufr\u00e6\u00f0ingur<\/p>\n<p>\u201e\u00c9g vel \u00deorkel \u00fev\u00ed hann er traustur, hei\u00f0arlegur og vanda\u00f0ur ma\u00f0ur.&#8220;\u00a0 Gu\u00f0finna Bjarnad\u00f3ttir fv rektor<\/p>\n<p>\u201e\u00c9g k\u00fds \u00deorkel Helgason \u00e1 stj\u00f3rnlaga\u00feing \u00fev\u00ed \u00feekking og reynsla eiga erindi.&#8220; P\u00e9tur \u00d6rn Sverrison hrl.<\/p>\n<p>\u201e\u00c9g sty\u00f0 \u00deorkel \u00fev\u00ed hann getur nefnilega teki\u00f0 s\u00f6nsum. \u00dea\u00f0 er ekki \u00f6llum gefi\u00f0.&#8220;<br \/>\nGu\u00f0r\u00fan J\u00f3hannsd\u00f3ttir eftirlauna\u00feegi<\/p>\n<p>\u201e\u00c9g sty\u00f0 \u00deorkel af \u00fev\u00ed a\u00f0 hann hefur mikla reynslu og sterka d\u00f3msgrein.&#8220;<br \/>\nSr. Kristinn \u00d3lason rektor Sk\u00e1lholtssk\u00f3la<\/p>\n<p>\u201e\u00c9g sty\u00f0 \u00deorkel vegna \u00feess a\u00f0 \u00e9g tel engan frambj\u00f3\u00f0enda fremri af reynslu, \u00feekkingu og kostum til a\u00f0 takast \u00e1 vi\u00f0 \u00feetta verkefni.\u201d\u00a0 Magn\u00fas J\u00f3nsson fv ve\u00f0urstofustj\u00f3ri<\/p>\n<p>\u201e\u00c9g sty\u00f0 \u00deorkel. Einn eftirminnilegasti og besti kennari minn fr\u00e1 h\u00e1sk\u00f3la\u00e1runum.\u201d<br \/>\nBjarni J\u00fal\u00edusson t\u00f6lvunarfr\u00e6\u00f0ingur<\/p>\n","protected":false},"excerpt":{"rendered":"<p>\u201e\u00c9g sty\u00f0 \u00deorkel af \u00fev\u00ed a\u00f0 hann er traustur ma\u00f0ur.\u201c\u00a0 Baldvin Tryggvason fv sparisj\u00f3\u00f0sstj\u00f3ri \u201e\u00c9g sty\u00f0 \u00deorkell vegna \u00feess a\u00f0 hann\u00a0 kann a\u00f0 greina vandam\u00e1l, en hann er l\u00edka einn vanda\u00f0asti ma\u00f0ur sem \u00e9g \u00feekki.\u201c Vilhj\u00e1lmur Bjarnason lektor \u201e\u00c9g sty\u00f0 \u00deorkel vegna \u00feess a\u00f0 hann \u00e1 gott me\u00f0 a\u00f0 vinna me\u00f0 f\u00f3lki sem hefur a\u00f0rar [&hellip;]<\/p>\n","protected":false},"author":1,"featured_media":0,"parent":0,"menu_order":1,"comment_status":"open","ping_status":"open","template":"","meta":{"_et_pb_use_builder":"","_et_pb_old_content":"","_et_gb_content_width":"","footnotes":""},"class_list":["post-510","page","type-page","status-publish","hentry"],"_links":{"self":[{"href":"https:\/\/thorkellhelgason.is\/index.php?rest_route=\/wp\/v2\/pages\/510","targetHints":{"allow":["GET"]}}],"collection":[{"href":"https:\/\/thorkellhelgason.is\/index.php?rest_route=\/wp\/v2\/pages"}],"about":[{"href":"https:\/\/thorkellhelgason.is\/index.php?rest_route=\/wp\/v2\/types\/page"}],"author":[{"embeddable":true,"href":"https:\/\/thorkellhelgason.is\/index.php?rest_route=\/wp\/v2\/users\/1"}],"replies":[{"embeddable":true,"href":"https:\/\/thorkellhelgason.is\/index.php?rest_route=%2Fwp%2Fv2%2Fcomments&post=510"}],"version-history":[{"count":4,"href":"https:\/\/thorkellhelgason.is\/index.php?rest_route=\/wp\/v2\/pages\/510\/revisions"}],"predecessor-version":[{"id":516,"href":"https:\/\/thorkellhelgason.is\/index.php?rest_route=\/wp\/v2\/pages\/510\/revisions\/516"}],"wp:attachment":[{"href":"https:\/\/thorkellhelgason.is\/index.php?rest_route=%2Fwp%2Fv2%2Fmedia&parent=510"}],"curies":[{"name":"wp","href":"https:\/\/api.w.org\/{rel}","templated":true}]}}